{"id":1311,"date":"2024-12-14T15:44:13","date_gmt":"2024-12-14T15:44:13","guid":{"rendered":"https:\/\/www-palazzobernardinidepace-com.neue-devel.sq.biz\/?page_id=1311"},"modified":"2025-03-19T11:05:27","modified_gmt":"2025-03-19T11:05:27","slug":"week-end","status":"publish","type":"page","link":"https:\/\/www.palazzobernardinidepace.com\/en\/week-end\/","title":{"rendered":"WEEK-END"},"content":{"rendered":"<div data-elementor-type=\"wp-page\" data-elementor-id=\"1311\" class=\"elementor elementor-1311\">\n\t\t\t\t<div class=\"elementor-element elementor-element-3f30ff7 e-flex e-con-boxed wpr-particle-no wpr-jarallax-no wpr-parallax-no wpr-sticky-section-no e-con e-parent\" data-id=\"3f30ff7\" data-element_type=\"container\" data-settings=\"{&quot;background_background&quot;:&quot;classic&quot;}\">\n\t\t\t\t\t<div class=\"e-con-inner\">\n\t\t\t\t\t<\/div>\n\t\t\t\t<\/div>\n\t\t<div class=\"elementor-element elementor-element-060d7e0 e-flex e-con-boxed wpr-particle-no wpr-jarallax-no wpr-parallax-no wpr-sticky-section-no e-con e-parent\" data-id=\"060d7e0\" data-element_type=\"container\">\n\t\t\t\t\t<div class=\"e-con-inner\">\n\t\t\t\t<div class=\"elementor-element elementor-element-cb8873c elementor-widget elementor-widget-spacer\" data-id=\"cb8873c\" data-element_type=\"widget\" data-widget_type=\"spacer.default\">\n\t\t\t\t<div class=\"elementor-widget-container\">\n\t\t\t\t\t\t\t<div class=\"elementor-spacer\">\n\t\t\t<div class=\"elementor-spacer-inner\"><\/div>\n\t\t<\/div>\n\t\t\t\t\t\t<\/div>\n\t\t\t\t<\/div>\n\t\t\t\t<div class=\"elementor-element elementor-element-e624b36 elementor-widget elementor-widget-heading\" data-id=\"e624b36\" data-element_type=\"widget\" data-widget_type=\"heading.default\">\n\t\t\t\t<div class=\"elementor-widget-container\">\n\t\t\t\t\t<h1 class=\"elementor-heading-title elementor-size-default\">WEEK-END<\/h1>\t\t\t\t<\/div>\n\t\t\t\t<\/div>\n\t\t\t\t<div class=\"elementor-element elementor-element-2aacbf6 elementor-widget elementor-widget-spacer\" data-id=\"2aacbf6\" data-element_type=\"widget\" data-widget_type=\"spacer.default\">\n\t\t\t\t<div class=\"elementor-widget-container\">\n\t\t\t\t\t\t\t<div class=\"elementor-spacer\">\n\t\t\t<div class=\"elementor-spacer-inner\"><\/div>\n\t\t<\/div>\n\t\t\t\t\t\t<\/div>\n\t\t\t\t<\/div>\n\t\t\t\t\t<\/div>\n\t\t\t\t<\/div>\n\t\t<div class=\"elementor-element elementor-element-1c4f483 e-flex e-con-boxed wpr-particle-no wpr-jarallax-no wpr-parallax-no wpr-sticky-section-no e-con e-parent\" data-id=\"1c4f483\" data-element_type=\"container\">\n\t\t\t\t\t<div class=\"e-con-inner\">\n\t\t\t\t<div class=\"elementor-element elementor-element-da63937 elementor-widget elementor-widget-spacer\" data-id=\"da63937\" data-element_type=\"widget\" data-widget_type=\"spacer.default\">\n\t\t\t\t<div class=\"elementor-widget-container\">\n\t\t\t\t\t\t\t<div class=\"elementor-spacer\">\n\t\t\t<div class=\"elementor-spacer-inner\"><\/div>\n\t\t<\/div>\n\t\t\t\t\t\t<\/div>\n\t\t\t\t<\/div>\n\t\t\t\t\t<\/div>\n\t\t\t\t<\/div>\n\t\t<div class=\"elementor-element elementor-element-16eebe1 e-flex e-con-boxed wpr-particle-no wpr-jarallax-no wpr-parallax-no wpr-sticky-section-no e-con e-parent\" data-id=\"16eebe1\" data-element_type=\"container\">\n\t\t\t\t\t<div class=\"e-con-inner\">\n\t\t<div class=\"elementor-element elementor-element-98791b1 e-con-full e-flex wpr-particle-no wpr-jarallax-no wpr-parallax-no wpr-sticky-section-no e-con e-child\" data-id=\"98791b1\" data-element_type=\"container\">\n\t\t\t\t<div class=\"elementor-element elementor-element-83ddcb3 elementor-widget elementor-widget-image\" data-id=\"83ddcb3\" data-element_type=\"widget\" data-widget_type=\"image.default\">\n\t\t\t\t<div class=\"elementor-widget-container\">\n\t\t\t\t\t\t\t\t\t\t\t\t\t\t\t<img fetchpriority=\"high\" decoding=\"async\" width=\"1024\" height=\"683\" src=\"https:\/\/www.palazzobernardinidepace.com\/wp-content\/uploads\/2024\/10\/14_DSCF0463-1024x683.jpg\" class=\"attachment-large size-large wp-image-487\" alt=\"\" srcset=\"https:\/\/www.palazzobernardinidepace.com\/wp-content\/uploads\/2024\/10\/14_DSCF0463-1024x683.jpg 1024w, https:\/\/www.palazzobernardinidepace.com\/wp-content\/uploads\/2024\/10\/14_DSCF0463-300x200.jpg 300w, https:\/\/www.palazzobernardinidepace.com\/wp-content\/uploads\/2024\/10\/14_DSCF0463-768x512.jpg 768w, https:\/\/www.palazzobernardinidepace.com\/wp-content\/uploads\/2024\/10\/14_DSCF0463-1536x1024.jpg 1536w, https:\/\/www.palazzobernardinidepace.com\/wp-content\/uploads\/2024\/10\/14_DSCF0463-2048x1365.jpg 2048w\" sizes=\"(max-width: 1024px) 100vw, 1024px\" \/>\t\t\t\t\t\t\t\t\t\t\t\t\t\t\t<\/div>\n\t\t\t\t<\/div>\n\t\t\t\t<\/div>\n\t\t<div class=\"elementor-element elementor-element-c34848b e-con-full e-flex wpr-particle-no wpr-jarallax-no wpr-parallax-no wpr-sticky-section-no e-con e-child\" data-id=\"c34848b\" data-element_type=\"container\">\n\t\t\t\t<div class=\"elementor-element elementor-element-989d5ea elementor-widget elementor-widget-text-editor\" data-id=\"989d5ea\" data-element_type=\"widget\" data-widget_type=\"text-editor.default\">\n\t\t\t\t<div class=\"elementor-widget-container\">\n\t\t\t\t\t\t\t\t\t<p>Experience a weekend in a refined atmosphere. Our weekend proposals offer a stay designed for those seeking relaxation, culture, art and healthy cuisine, all with a touch of luxury and exclusivity. Every detail is taken care of to make your weekend unforgettable, from culinary experiences<span style=\"font-style: inherit; font-weight: inherit; color: var( --e-global-color-dd017b5 ); text-align: var(--text-align); background-color: var(--ast-global-color-5);\">\u00a0to moments devoted to yourself.<\/span><\/p>\t\t\t\t\t\t\t\t<\/div>\n\t\t\t\t<\/div>\n\t\t\t\t<\/div>\n\t\t\t\t\t<\/div>\n\t\t\t\t<\/div>\n\t\t<div class=\"elementor-element elementor-element-a59d2b4 e-flex e-con-boxed wpr-particle-no wpr-jarallax-no wpr-parallax-no wpr-sticky-section-no e-con e-parent\" data-id=\"a59d2b4\" data-element_type=\"container\">\n\t\t\t\t\t<div class=\"e-con-inner\">\n\t\t\t\t<div class=\"elementor-element elementor-element-65a7bb2 elementor-widget elementor-widget-text-editor\" data-id=\"65a7bb2\" data-element_type=\"widget\" data-widget_type=\"text-editor.default\">\n\t\t\t\t<div class=\"elementor-widget-container\">\n\t\t\t\t\t\t\t\t\t<p><strong>DETAILS<\/strong><\/p><ul><li><strong>Length of stay:\u00a0<\/strong>Check-in Thursday afternoon after 5:00 pm, Check-out Sunday afternoon.<\/li><li><strong>Included:<\/strong><ul><li>Thursday evening: Welcome aperitif<br \/>Friday: Breakfast and themed dinner<br \/>Saturday: Breakfast and themed dinner<br \/>Sunday: brunch<\/li><li>Overnight stay in one of four wonderful suites.<\/li><\/ul><\/li><li><strong>Price:<\/strong> \u20ac2.500 per suite(esperienze opzionali non incluse).<\/li><li><strong>Availability:<\/strong> Package available for weekends only.<\/li><li><strong>Extra:<\/strong> Customized experiences and excellent wines available upon request.<\/li><\/ul>\t\t\t\t\t\t\t\t<\/div>\n\t\t\t\t<\/div>\n\t\t\t\t<div class=\"elementor-element elementor-element-3ec231b elementor-widget elementor-widget-button\" data-id=\"3ec231b\" data-element_type=\"widget\" data-widget_type=\"button.default\">\n\t\t\t\t<div class=\"elementor-widget-container\">\n\t\t\t\t\t\t\t\t\t<div class=\"elementor-button-wrapper\">\n\t\t\t\t\t<a class=\"elementor-button elementor-button-link elementor-size-sm\" href=\"https:\/\/www.palazzobernardinidepace.com\/en\/esperienze\/\">\n\t\t\t\t\t\t<span class=\"elementor-button-content-wrapper\">\n\t\t\t\t\t\t\t\t\t<span class=\"elementor-button-text\">ADD EMOTIONS<\/span>\n\t\t\t\t\t<\/span>\n\t\t\t\t\t<\/a>\n\t\t\t\t<\/div>\n\t\t\t\t\t\t\t\t<\/div>\n\t\t\t\t<\/div>\n\t\t\t\t\t<\/div>\n\t\t\t\t<\/div>\n\t\t<div class=\"elementor-element elementor-element-e94dacc e-flex e-con-boxed wpr-particle-no wpr-jarallax-no wpr-parallax-no wpr-sticky-section-no e-con e-parent\" data-id=\"e94dacc\" data-element_type=\"container\">\n\t\t\t\t\t<div class=\"e-con-inner\">\n\t\t\t\t<div class=\"elementor-element elementor-element-960fc21 elementor-widget elementor-widget-spacer\" data-id=\"960fc21\" data-element_type=\"widget\" data-widget_type=\"spacer.default\">\n\t\t\t\t<div class=\"elementor-widget-container\">\n\t\t\t\t\t\t\t<div class=\"elementor-spacer\">\n\t\t\t<div class=\"elementor-spacer-inner\"><\/div>\n\t\t<\/div>\n\t\t\t\t\t\t<\/div>\n\t\t\t\t<\/div>\n\t\t\t\t\t<\/div>\n\t\t\t\t<\/div>\n\t\t\t\t<\/div>","protected":false},"excerpt":{"rendered":"<p>WEEK-END Vivi un fine settimana in un&#8217;atmosfera raffinata. Le nostre proposte weekend offrono un soggiorno pensato per chi cerca relax, cultura, arte e cucina sana, il tutto con un tocco di lusso ed esclusivit\u00e0. Ogni dettaglio \u00e8 curato per rendere il tuo weekend indimenticabile, dalle esperienze culinarie\u00a0ai momenti dedicati a te stesso. DETTAGLI Durata soggiorno:\u00a0Check-in Gioved\u00ec pomeriggio dopo le 17:00, Check-out Domenica pomeriggio. Incluso: Gioved\u00ec sera: Welcome aperitivoVenerd\u00ec: Breakfast e cena a temaSabato: Breakfast e cena a temaDomenica: brunch Pernottamento in una delle quattro meravigliose suite. Prezzo: \u20ac2.500 per suite(esperienze opzionali non incluse). Disponibilit\u00e0: Pacchetto disponibile solo per weekend. Extra: Esperienze personalizzate e vini d\u2019eccellenza disponibili su richiesta. AGGIUNGI EMOZIONI<\/p>","protected":false},"author":2,"featured_media":0,"parent":0,"menu_order":0,"comment_status":"closed","ping_status":"closed","template":"","meta":{"_acf_changed":false,"site-sidebar-layout":"no-sidebar","site-content-layout":"","ast-site-content-layout":"full-width-container","site-content-style":"default","site-sidebar-style":"default","ast-global-header-display":"","ast-banner-title-visibility":"","ast-main-header-display":"","ast-hfb-above-header-display":"","ast-hfb-below-header-display":"","ast-hfb-mobile-header-display":"","site-post-title":"disabled","ast-breadcrumbs-content":"","ast-featured-img":"disabled","footer-sml-layout":"","theme-transparent-header-meta":"","adv-header-id-meta":"","stick-header-meta":"","header-above-stick-meta":"","header-main-stick-meta":"","header-below-stick-meta":"","astra-migrate-meta-layouts":"default","ast-page-background-enabled":"default","ast-page-background-meta":{"desktop":{"background-color":"var(--ast-global-color-4)","background-image":"","background-repeat":"repeat","background-position":"center center","background-size":"auto","background-attachment":"scroll","background-type":"","background-media":"","overlay-type":"","overlay-color":"","overlay-opacity":"","overlay-gradient":""},"tablet":{"background-color":"","background-image":"","background-repeat":"repeat","background-position":"center center","background-size":"auto","background-attachment":"scroll","background-type":"","background-media":"","overlay-type":"","overlay-color":"","overlay-opacity":"","overlay-gradient":""},"mobile":{"background-color":"","background-image":"","background-repeat":"repeat","background-position":"center center","background-size":"auto","background-attachment":"scroll","background-type":"","background-media":"","overlay-type":"","overlay-color":"","overlay-opacity":"","overlay-gradient":""}},"ast-content-background-meta":{"desktop":{"background-color":"var(--ast-global-color-5)","background-image":"","background-repeat":"repeat","background-position":"center center","background-size":"auto","background-attachment":"scroll","background-type":"","background-media":"","overlay-type":"","overlay-color":"","overlay-opacity":"","overlay-gradient":""},"tablet":{"background-color":"var(--ast-global-color-5)","background-image":"","background-repeat":"repeat","background-position":"center center","background-size":"auto","background-attachment":"scroll","background-type":"","background-media":"","overlay-type":"","overlay-color":"","overlay-opacity":"","overlay-gradient":""},"mobile":{"background-color":"var(--ast-global-color-5)","background-image":"","background-repeat":"repeat","background-position":"center center","background-size":"auto","background-attachment":"scroll","background-type":"","background-media":"","overlay-type":"","overlay-color":"","overlay-opacity":"","overlay-gradient":""}},"footnotes":""},"class_list":["post-1311","page","type-page","status-publish","hentry"],"acf":[],"yoast_head":"<!-- This site is optimized with the Yoast SEO plugin v25.7 - https:\/\/yoast.com\/wordpress\/plugins\/seo\/ -->\n<title>WEEK-END - Palazzo Bernardini de Pace<\/title>\n<meta name=\"description\" content=\"Vivi un fine settimana in un\u2019atmosfera raffinata. Le nostre proposte weekend offrono un soggiorno pensato per chi cerca relax, cultura, arte e cucina sana.\" \/>\n<meta name=\"robots\" content=\"index, follow, max-snippet:-1, max-image-preview:large, max-video-preview:-1\" \/>\n<link rel=\"canonical\" href=\"https:\/\/www.palazzobernardinidepace.com\/en\/week-end\/\" \/>\n<meta property=\"og:locale\" content=\"en_US\" \/>\n<meta property=\"og:type\" content=\"article\" \/>\n<meta property=\"og:title\" content=\"WEEK-END - Palazzo Bernardini de Pace\" \/>\n<meta property=\"og:description\" content=\"Vivi un fine settimana in un\u2019atmosfera raffinata. Le nostre proposte weekend offrono un soggiorno pensato per chi cerca relax, cultura, arte e cucina sana.\" \/>\n<meta property=\"og:url\" content=\"https:\/\/www.palazzobernardinidepace.com\/en\/week-end\/\" \/>\n<meta property=\"og:site_name\" content=\"Palazzo Bernardini de Pace\" \/>\n<meta property=\"article:modified_time\" content=\"2025-03-19T11:05:27+00:00\" \/>\n<meta property=\"og:image\" content=\"https:\/\/www.palazzobernardinidepace.com\/wp-content\/uploads\/2024\/10\/14_DSCF0463-scaled.jpg\" \/>\n\t<meta property=\"og:image:width\" content=\"2560\" \/>\n\t<meta property=\"og:image:height\" content=\"1707\" \/>\n\t<meta property=\"og:image:type\" content=\"image\/jpeg\" \/>\n<meta name=\"twitter:card\" content=\"summary_large_image\" \/>\n<meta name=\"twitter:label1\" content=\"Est. reading time\" \/>\n\t<meta name=\"twitter:data1\" content=\"1 minute\" \/>\n<script type=\"application\/ld+json\" class=\"yoast-schema-graph\">{\"@context\":\"https:\/\/schema.org\",\"@graph\":[{\"@type\":\"WebPage\",\"@id\":\"https:\/\/www.palazzobernardinidepace.com\/week-end\/\",\"url\":\"https:\/\/www.palazzobernardinidepace.com\/week-end\/\",\"name\":\"WEEK-END - Palazzo Bernardini de Pace\",\"isPartOf\":{\"@id\":\"https:\/\/www.palazzobernardinidepace.com\/en\/#website\"},\"primaryImageOfPage\":{\"@id\":\"https:\/\/www.palazzobernardinidepace.com\/week-end\/#primaryimage\"},\"image\":{\"@id\":\"https:\/\/www.palazzobernardinidepace.com\/week-end\/#primaryimage\"},\"thumbnailUrl\":\"https:\/\/www.palazzobernardinidepace.com\/wp-content\/uploads\/2024\/10\/14_DSCF0463-1024x683.jpg\",\"datePublished\":\"2024-12-14T15:44:13+00:00\",\"dateModified\":\"2025-03-19T11:05:27+00:00\",\"description\":\"Vivi un fine settimana in un\u2019atmosfera raffinata. Le nostre proposte weekend offrono un soggiorno pensato per chi cerca relax, cultura, arte e cucina sana.\",\"breadcrumb\":{\"@id\":\"https:\/\/www.palazzobernardinidepace.com\/week-end\/#breadcrumb\"},\"inLanguage\":\"en-US\",\"potentialAction\":[{\"@type\":\"ReadAction\",\"target\":[\"https:\/\/www.palazzobernardinidepace.com\/week-end\/\"]}]},{\"@type\":\"ImageObject\",\"inLanguage\":\"en-US\",\"@id\":\"https:\/\/www.palazzobernardinidepace.com\/week-end\/#primaryimage\",\"url\":\"https:\/\/www.palazzobernardinidepace.com\/wp-content\/uploads\/2024\/10\/14_DSCF0463-1024x683.jpg\",\"contentUrl\":\"https:\/\/www.palazzobernardinidepace.com\/wp-content\/uploads\/2024\/10\/14_DSCF0463-1024x683.jpg\"},{\"@type\":\"BreadcrumbList\",\"@id\":\"https:\/\/www.palazzobernardinidepace.com\/week-end\/#breadcrumb\",\"itemListElement\":[{\"@type\":\"ListItem\",\"position\":1,\"name\":\"Home\",\"item\":\"https:\/\/www.palazzobernardinidepace.com\/\"},{\"@type\":\"ListItem\",\"position\":2,\"name\":\"WEEK-END\"}]},{\"@type\":\"WebSite\",\"@id\":\"https:\/\/www.palazzobernardinidepace.com\/en\/#website\",\"url\":\"https:\/\/www.palazzobernardinidepace.com\/en\/\",\"name\":\"Palazzo Bernardini de Pace\",\"description\":\"Esperienze uniche nella Terra d&#039;Otranto\",\"publisher\":{\"@id\":\"https:\/\/www.palazzobernardinidepace.com\/en\/#organization\"},\"potentialAction\":[{\"@type\":\"SearchAction\",\"target\":{\"@type\":\"EntryPoint\",\"urlTemplate\":\"https:\/\/www.palazzobernardinidepace.com\/en\/?s={search_term_string}\"},\"query-input\":{\"@type\":\"PropertyValueSpecification\",\"valueRequired\":true,\"valueName\":\"search_term_string\"}}],\"inLanguage\":\"en-US\"},{\"@type\":\"Organization\",\"@id\":\"https:\/\/www.palazzobernardinidepace.com\/en\/#organization\",\"name\":\"Palazzo Bernardini de Pace\",\"url\":\"https:\/\/www.palazzobernardinidepace.com\/en\/\",\"logo\":{\"@type\":\"ImageObject\",\"inLanguage\":\"en-US\",\"@id\":\"https:\/\/www.palazzobernardinidepace.com\/en\/#\/schema\/logo\/image\/\",\"url\":\"https:\/\/www.palazzobernardinidepace.com\/wp-content\/uploads\/2024\/10\/Nuovo-progetto-1.png\",\"contentUrl\":\"https:\/\/www.palazzobernardinidepace.com\/wp-content\/uploads\/2024\/10\/Nuovo-progetto-1.png\",\"width\":512,\"height\":512,\"caption\":\"Palazzo Bernardini de Pace\"},\"image\":{\"@id\":\"https:\/\/www.palazzobernardinidepace.com\/en\/#\/schema\/logo\/image\/\"}}]}<\/script>\n<!-- \/ Yoast SEO plugin. -->","yoast_head_json":{"title":"WEEK-END - Palazzo Bernardini de Pace","description":"Vivi un fine settimana in un\u2019atmosfera raffinata. Le nostre proposte weekend offrono un soggiorno pensato per chi cerca relax, cultura, arte e cucina sana.","robots":{"index":"index","follow":"follow","max-snippet":"max-snippet:-1","max-image-preview":"max-image-preview:large","max-video-preview":"max-video-preview:-1"},"canonical":"https:\/\/www.palazzobernardinidepace.com\/en\/week-end\/","og_locale":"en_US","og_type":"article","og_title":"WEEK-END - Palazzo Bernardini de Pace","og_description":"Vivi un fine settimana in un\u2019atmosfera raffinata. Le nostre proposte weekend offrono un soggiorno pensato per chi cerca relax, cultura, arte e cucina sana.","og_url":"https:\/\/www.palazzobernardinidepace.com\/en\/week-end\/","og_site_name":"Palazzo Bernardini de Pace","article_modified_time":"2025-03-19T11:05:27+00:00","og_image":[{"width":2560,"height":1707,"url":"https:\/\/www.palazzobernardinidepace.com\/wp-content\/uploads\/2024\/10\/14_DSCF0463-scaled.jpg","type":"image\/jpeg"}],"twitter_card":"summary_large_image","twitter_misc":{"Est. reading time":"1 minute"},"schema":{"@context":"https:\/\/schema.org","@graph":[{"@type":"WebPage","@id":"https:\/\/www.palazzobernardinidepace.com\/week-end\/","url":"https:\/\/www.palazzobernardinidepace.com\/week-end\/","name":"WEEK-END - Palazzo Bernardini de Pace","isPartOf":{"@id":"https:\/\/www.palazzobernardinidepace.com\/en\/#website"},"primaryImageOfPage":{"@id":"https:\/\/www.palazzobernardinidepace.com\/week-end\/#primaryimage"},"image":{"@id":"https:\/\/www.palazzobernardinidepace.com\/week-end\/#primaryimage"},"thumbnailUrl":"https:\/\/www.palazzobernardinidepace.com\/wp-content\/uploads\/2024\/10\/14_DSCF0463-1024x683.jpg","datePublished":"2024-12-14T15:44:13+00:00","dateModified":"2025-03-19T11:05:27+00:00","description":"Vivi un fine settimana in un\u2019atmosfera raffinata. Le nostre proposte weekend offrono un soggiorno pensato per chi cerca relax, cultura, arte e cucina sana.","breadcrumb":{"@id":"https:\/\/www.palazzobernardinidepace.com\/week-end\/#breadcrumb"},"inLanguage":"en-US","potentialAction":[{"@type":"ReadAction","target":["https:\/\/www.palazzobernardinidepace.com\/week-end\/"]}]},{"@type":"ImageObject","inLanguage":"en-US","@id":"https:\/\/www.palazzobernardinidepace.com\/week-end\/#primaryimage","url":"https:\/\/www.palazzobernardinidepace.com\/wp-content\/uploads\/2024\/10\/14_DSCF0463-1024x683.jpg","contentUrl":"https:\/\/www.palazzobernardinidepace.com\/wp-content\/uploads\/2024\/10\/14_DSCF0463-1024x683.jpg"},{"@type":"BreadcrumbList","@id":"https:\/\/www.palazzobernardinidepace.com\/week-end\/#breadcrumb","itemListElement":[{"@type":"ListItem","position":1,"name":"Home","item":"https:\/\/www.palazzobernardinidepace.com\/"},{"@type":"ListItem","position":2,"name":"WEEK-END"}]},{"@type":"WebSite","@id":"https:\/\/www.palazzobernardinidepace.com\/en\/#website","url":"https:\/\/www.palazzobernardinidepace.com\/en\/","name":"Palazzo Bernardini de Pace","description":"Esperienze uniche nella Terra d&#039;Otranto","publisher":{"@id":"https:\/\/www.palazzobernardinidepace.com\/en\/#organization"},"potentialAction":[{"@type":"SearchAction","target":{"@type":"EntryPoint","urlTemplate":"https:\/\/www.palazzobernardinidepace.com\/en\/?s={search_term_string}"},"query-input":{"@type":"PropertyValueSpecification","valueRequired":true,"valueName":"search_term_string"}}],"inLanguage":"en-US"},{"@type":"Organization","@id":"https:\/\/www.palazzobernardinidepace.com\/en\/#organization","name":"Palazzo Bernardini de Pace","url":"https:\/\/www.palazzobernardinidepace.com\/en\/","logo":{"@type":"ImageObject","inLanguage":"en-US","@id":"https:\/\/www.palazzobernardinidepace.com\/en\/#\/schema\/logo\/image\/","url":"https:\/\/www.palazzobernardinidepace.com\/wp-content\/uploads\/2024\/10\/Nuovo-progetto-1.png","contentUrl":"https:\/\/www.palazzobernardinidepace.com\/wp-content\/uploads\/2024\/10\/Nuovo-progetto-1.png","width":512,"height":512,"caption":"Palazzo Bernardini de Pace"},"image":{"@id":"https:\/\/www.palazzobernardinidepace.com\/en\/#\/schema\/logo\/image\/"}}]}},"_links":{"self":[{"href":"https:\/\/www.palazzobernardinidepace.com\/en\/wp-json\/wp\/v2\/pages\/1311","targetHints":{"allow":["GET"]}}],"collection":[{"href":"https:\/\/www.palazzobernardinidepace.com\/en\/wp-json\/wp\/v2\/pages"}],"about":[{"href":"https:\/\/www.palazzobernardinidepace.com\/en\/wp-json\/wp\/v2\/types\/page"}],"author":[{"embeddable":true,"href":"https:\/\/www.palazzobernardinidepace.com\/en\/wp-json\/wp\/v2\/users\/2"}],"replies":[{"embeddable":true,"href":"https:\/\/www.palazzobernardinidepace.com\/en\/wp-json\/wp\/v2\/comments?post=1311"}],"version-history":[{"count":0,"href":"https:\/\/www.palazzobernardinidepace.com\/en\/wp-json\/wp\/v2\/pages\/1311\/revisions"}],"wp:attachment":[{"href":"https:\/\/www.palazzobernardinidepace.com\/en\/wp-json\/wp\/v2\/media?parent=1311"}],"curies":[{"name":"wp","href":"https:\/\/api.w.org\/{rel}","templated":true}]}}